{"id":4293,"date":"2026-02-09T07:45:04","date_gmt":"2026-02-09T06:45:04","guid":{"rendered":"https:\/\/zagrodabeztroski.pl\/?post_type=product&#038;p=4293"},"modified":"2026-03-24T06:51:23","modified_gmt":"2026-03-24T05:51:23","slug":"dzem-mandarynkowy-350-ml-dosc-slodki","status":"publish","type":"product","link":"https:\/\/zagrodabeztroski.pl\/index.php\/produkt\/dzem-mandarynkowy-350-ml-dosc-slodki\/","title":{"rendered":"D\u017cem mandarynkowy 350 ml -do\u015b\u0107 s\u0142odki"},"content":{"rendered":"","protected":false},"excerpt":{"rendered":"","protected":false},"featured_media":4294,"comment_status":"open","ping_status":"closed","template":"","meta":[],"product_brand":[],"product_cat":[15],"product_tag":[],"class_list":{"0":"post-4293","1":"product","2":"type-product","3":"status-publish","4":"has-post-thumbnail","6":"product_cat-bez-kategorii","8":"first","9":"outofstock","10":"shipping-taxable","11":"purchasable","12":"product-type-simple"},"jetpack_sharing_enabled":true,"_links":{"self":[{"href":"https:\/\/zagrodabeztroski.pl\/index.php\/wp-json\/wp\/v2\/product\/4293","targetHints":{"allow":["GET"]}}],"collection":[{"href":"https:\/\/zagrodabeztroski.pl\/index.php\/wp-json\/wp\/v2\/product"}],"about":[{"href":"https:\/\/zagrodabeztroski.pl\/index.php\/wp-json\/wp\/v2\/types\/product"}],"replies":[{"embeddable":true,"href":"https:\/\/zagrodabeztroski.pl\/index.php\/wp-json\/wp\/v2\/comments?post=4293"}],"wp:featuredmedia":[{"embeddable":true,"href":"https:\/\/zagrodabeztroski.pl\/index.php\/wp-json\/wp\/v2\/media\/4294"}],"wp:attachment":[{"href":"https:\/\/zagrodabeztroski.pl\/index.php\/wp-json\/wp\/v2\/media?parent=4293"}],"wp:term":[{"taxonomy":"product_brand","embeddable":true,"href":"https:\/\/zagrodabeztroski.pl\/index.php\/wp-json\/wp\/v2\/product_brand?post=4293"},{"taxonomy":"product_cat","embeddable":true,"href":"https:\/\/zagrodabeztroski.pl\/index.php\/wp-json\/wp\/v2\/product_cat?post=4293"},{"taxonomy":"product_tag","embeddable":true,"href":"https:\/\/zagrodabeztroski.pl\/index.php\/wp-json\/wp\/v2\/product_tag?post=4293"}],"curies":[{"name":"wp","href":"https:\/\/api.w.org\/{rel}","templated":true}]}}