{"id":3973,"date":"2025-09-15T08:33:02","date_gmt":"2025-09-15T06:33:02","guid":{"rendered":"https:\/\/zagrodabeztroski.pl\/?post_type=product&#038;p=3973"},"modified":"2026-02-09T07:52:22","modified_gmt":"2026-02-09T06:52:22","slug":"chutney-z-cukini-sloik-235-ml","status":"publish","type":"product","link":"https:\/\/zagrodabeztroski.pl\/index.php\/produkt\/chutney-z-cukini-sloik-235-ml\/","title":{"rendered":"Chutney z cukini &#8211; s\u0142oik 235 ml &#8211; zabawnie pyszny :)"},"content":{"rendered":"<p>Sk\u0142ad: Cukinia, cebula, rodzynki, cukier trzcinowy, ocet jab\u0142kowy, kmin, gorczyca, kurkuma, czosnek, olej rzepakowy, papryka ostra,<\/p>\n<p>&nbsp;<\/p>\n<p>Mo\u017ce zawiera\u0107 alergeny:<\/p>\n<p><strong>Lista najwa\u017cniejszych alergen\u00f3w pokarmowych prezentuje si\u0119 nast\u0119puj\u0105co:<\/strong><\/p>\n<p><strong>GLUTEN<\/strong><br \/>\n<strong>SKORUPIAKI i produkty pochodne<\/strong><br \/>\n<strong>JAJA i produkty pochodne<\/strong><br \/>\n<strong>RYBY i produkty pochodne<\/strong><br \/>\n<strong>ORZESZKI ZIEMNE (arachidowe) i produkty pochodne<\/strong><br \/>\n<strong>SOJA i produkty pochodne<\/strong><br \/>\n<strong>MLEKO i produkty pochodne (\u0142\u0105cznie z laktoz\u0105)<\/strong><br \/>\n<strong>ORZECHY<\/strong><br \/>\n<strong>SELER i produkty pochodne<\/strong><br \/>\n<strong>GORCZYCA i produkty pochodne<\/strong><br \/>\n<strong>NASIONA SEZAMU i produkty pochodne<\/strong><br \/>\n<strong>DWUTLENEK SIARKI<\/strong><br \/>\n<strong>\u0141UBIN i produkty pochodne<\/strong><br \/>\n<strong>MI\u0118CZAKI i produkty pochodne<\/strong><\/p>\n","protected":false},"excerpt":{"rendered":"<p>Sk\u0142ad: Cukinia, cebula, rodzynki, cukier trzcinowy, ocet jab\u0142kowy, kmin, gorczyca, kurkuma, czosnek, olej rzepakowy, papryka ostra, &nbsp; Mo\u017ce zawiera\u0107 alergeny: Lista najwa\u017cniejszych alergen\u00f3w pokarmowych prezentuje si\u0119 nast\u0119puj\u0105co: GLUTEN SKORUPIAKI i produkty pochodne JAJA i produkty pochodne RYBY i produkty pochodne ORZESZKI ZIEMNE (arachidowe) i produkty pochodne SOJA i produkty pochodne MLEKO i produkty pochodne (\u0142\u0105cznie [&hellip;]<\/p>\n","protected":false},"featured_media":4297,"comment_status":"open","ping_status":"closed","template":"","meta":[],"product_brand":[],"product_cat":[15],"product_tag":[],"class_list":{"0":"post-3973","1":"product","2":"type-product","3":"status-publish","4":"has-post-thumbnail","6":"product_cat-bez-kategorii","8":"first","9":"instock","10":"shipping-taxable","11":"purchasable","12":"product-type-simple"},"jetpack_sharing_enabled":true,"_links":{"self":[{"href":"https:\/\/zagrodabeztroski.pl\/index.php\/wp-json\/wp\/v2\/product\/3973","targetHints":{"allow":["GET"]}}],"collection":[{"href":"https:\/\/zagrodabeztroski.pl\/index.php\/wp-json\/wp\/v2\/product"}],"about":[{"href":"https:\/\/zagrodabeztroski.pl\/index.php\/wp-json\/wp\/v2\/types\/product"}],"replies":[{"embeddable":true,"href":"https:\/\/zagrodabeztroski.pl\/index.php\/wp-json\/wp\/v2\/comments?post=3973"}],"wp:featuredmedia":[{"embeddable":true,"href":"https:\/\/zagrodabeztroski.pl\/index.php\/wp-json\/wp\/v2\/media\/4297"}],"wp:attachment":[{"href":"https:\/\/zagrodabeztroski.pl\/index.php\/wp-json\/wp\/v2\/media?parent=3973"}],"wp:term":[{"taxonomy":"product_brand","embeddable":true,"href":"https:\/\/zagrodabeztroski.pl\/index.php\/wp-json\/wp\/v2\/product_brand?post=3973"},{"taxonomy":"product_cat","embeddable":true,"href":"https:\/\/zagrodabeztroski.pl\/index.php\/wp-json\/wp\/v2\/product_cat?post=3973"},{"taxonomy":"product_tag","embeddable":true,"href":"https:\/\/zagrodabeztroski.pl\/index.php\/wp-json\/wp\/v2\/product_tag?post=3973"}],"curies":[{"name":"wp","href":"https:\/\/api.w.org\/{rel}","templated":true}]}}