{"id":3275,"date":"2024-09-23T08:35:57","date_gmt":"2024-09-23T06:35:57","guid":{"rendered":"https:\/\/zagrodabeztroski.pl\/?post_type=product&#038;p=3275"},"modified":"2025-01-24T18:49:00","modified_gmt":"2025-01-24T17:49:00","slug":"ino-sliwka-duze-sloik-540-ml-powidla-bez-dodatku-cukru","status":"publish","type":"product","link":"https:\/\/zagrodabeztroski.pl\/index.php\/produkt\/ino-sliwka-duze-sloik-540-ml-powidla-bez-dodatku-cukru\/","title":{"rendered":"Ino \u015aliwka &#8211; Powid\u0142a bez dodatku cukru- DU\u017bE s\u0142oik 540 ml"},"content":{"rendered":"","protected":false},"excerpt":{"rendered":"","protected":false},"featured_media":3381,"comment_status":"open","ping_status":"closed","template":"","meta":[],"product_brand":[],"product_cat":[15],"product_tag":[],"class_list":{"0":"post-3275","1":"product","2":"type-product","3":"status-publish","4":"has-post-thumbnail","6":"product_cat-bez-kategorii","8":"first","9":"instock","10":"shipping-taxable","11":"purchasable","12":"product-type-simple"},"jetpack_sharing_enabled":true,"_links":{"self":[{"href":"https:\/\/zagrodabeztroski.pl\/index.php\/wp-json\/wp\/v2\/product\/3275","targetHints":{"allow":["GET"]}}],"collection":[{"href":"https:\/\/zagrodabeztroski.pl\/index.php\/wp-json\/wp\/v2\/product"}],"about":[{"href":"https:\/\/zagrodabeztroski.pl\/index.php\/wp-json\/wp\/v2\/types\/product"}],"replies":[{"embeddable":true,"href":"https:\/\/zagrodabeztroski.pl\/index.php\/wp-json\/wp\/v2\/comments?post=3275"}],"wp:featuredmedia":[{"embeddable":true,"href":"https:\/\/zagrodabeztroski.pl\/index.php\/wp-json\/wp\/v2\/media\/3381"}],"wp:attachment":[{"href":"https:\/\/zagrodabeztroski.pl\/index.php\/wp-json\/wp\/v2\/media?parent=3275"}],"wp:term":[{"taxonomy":"product_brand","embeddable":true,"href":"https:\/\/zagrodabeztroski.pl\/index.php\/wp-json\/wp\/v2\/product_brand?post=3275"},{"taxonomy":"product_cat","embeddable":true,"href":"https:\/\/zagrodabeztroski.pl\/index.php\/wp-json\/wp\/v2\/product_cat?post=3275"},{"taxonomy":"product_tag","embeddable":true,"href":"https:\/\/zagrodabeztroski.pl\/index.php\/wp-json\/wp\/v2\/product_tag?post=3275"}],"curies":[{"name":"wp","href":"https:\/\/api.w.org\/{rel}","templated":true}]}}